{"id":23,"date":"2020-03-22T16:55:41","date_gmt":"2020-03-22T15:55:41","guid":{"rendered":"https:\/\/www.heinthaler.at\/?page_id=23"},"modified":"2026-03-30T17:37:13","modified_gmt":"2026-03-30T15:37:13","slug":"das-neue-museum-oeffnet-seine-tueren-2","status":"publish","type":"page","link":"https:\/\/www.heinthaler.at\/","title":{"rendered":"Heinthaler.at"},"content":{"rendered":"\n<div class=\"wp-block-group alignwide\"><div class=\"wp-block-group__inner-container is-layout-flow wp-block-group-is-layout-flow\"><div class=\"wp-block-image\">\n<figure class=\"aligncenter\"><img decoding=\"async\" src=\"https:\/\/www.heinthaler.at\/wp-content\/uploads\/2020\/03\/UnderConstruction2-150x150.png\" alt=\"Dieses Bild hat ein leeres Alt-Attribut. Der Dateiname ist UnderConstruction2-150x150.png\"\/><figcaption class=\"wp-element-caption\"><strong>Wenns wahr ist \ud83d\ude42<\/strong><\/figcaption><\/figure>\n<\/div>\n\n\n<h2 class=\"wp-block-heading has-text-align-center\"><\/h2>\n\n\n\n<p><\/p>\n<\/div><\/div>\n\n\n\n<div class=\"wp-block-group alignwide\"><div class=\"wp-block-group__inner-container is-layout-flow wp-block-group-is-layout-flow\">\n<div class=\"wp-block-columns alignwide is-layout-flex wp-container-core-columns-is-layout-28f84493 wp-block-columns-is-layout-flex\">\n<div class=\"wp-block-column is-layout-flow wp-block-column-is-layout-flow\">\n<div class=\"wp-block-group\"><div class=\"wp-block-group__inner-container is-layout-flow wp-block-group-is-layout-flow\">\n<p><\/p>\n\n\n<div class=\"wp-block-image\">\n<figure class=\"aligncenter size-large is-resized\"><a href=\"https:\/\/www.wsvbv.at\/\" target=\"_blank\" rel=\"noopener noreferrer\"><img loading=\"lazy\" decoding=\"async\" width=\"591\" height=\"300\" src=\"https:\/\/www.heinthaler.at\/wp-content\/uploads\/2020\/03\/WSV-Logokl.jpg\" alt=\"\" class=\"wp-image-77\" style=\"width:471px;height:239px\" srcset=\"https:\/\/www.heinthaler.at\/wp-content\/uploads\/2020\/03\/WSV-Logokl.jpg 591w, https:\/\/www.heinthaler.at\/wp-content\/uploads\/2020\/03\/WSV-Logokl-300x152.jpg 300w\" sizes=\"auto, (max-width: 591px) 100vw, 591px\" \/><\/a><\/figure>\n<\/div>\n\n\n<h3 class=\"wp-block-heading has-text-align-left\"><strong>Wintersportverein<\/strong><\/h3>\n\n\n\n<h3 class=\"wp-block-heading has-text-align-left\"><strong>Bad V\u00f6slau<\/strong><\/h3>\n\n\n\n<p><strong>Leider wurde der Verein aufgel\u00f6st. Die Website steht nicht mehr zur Verf\u00fcgung. Wir bitten um euer Verst\u00e4ndnis!<\/strong><\/p>\n\n\n\n<div class=\"wp-block-button is-style-outline is-style-outline--1\"><a class=\"wp-block-button__link wp-element-button\" href=\"https:\/\/www.wsvbv.at\/\" target=\"_blank\" rel=\"noreferrer noopener\">Weiterlesen<\/a><\/div>\n<\/div><\/div>\n\n\n\n<div style=\"height:100px\" aria-hidden=\"true\" class=\"wp-block-spacer\"><\/div>\n\n\n\n<div style=\"height:100px\" aria-hidden=\"true\" class=\"wp-block-spacer\"><\/div>\n<\/div>\n\n\n\n<div class=\"wp-block-column is-layout-flow wp-block-column-is-layout-flow\">\n<div class=\"wp-block-group\"><div class=\"wp-block-group__inner-container is-layout-flow wp-block-group-is-layout-flow\">\n<p><\/p>\n\n\n<div class=\"wp-block-image\">\n<figure class=\"aligncenter\"><a href=\"https:\/\/www.listeflammer.at\/\" target=\"_blank\" rel=\"noopener noreferrer\"><img decoding=\"async\" src=\"https:\/\/www.heinthaler.at\/wp-content\/uploads\/2020\/03\/lf-logo.png\" alt=\"\" class=\"wp-image-74\"\/><\/a><\/figure>\n<\/div>\n\n\n<h3 class=\"wp-block-heading has-text-align-left\"><strong>Gemeindepolitik ohne Parteipolitik<\/strong> <\/h3>\n\n\n\n<div style=\"height:100px\" aria-hidden=\"true\" class=\"wp-block-spacer\"><\/div>\n\n\n\n<div class=\"wp-block-button is-style-outline is-style-outline--2\"><a class=\"wp-block-button__link wp-element-button\" href=\"https:\/\/www.listeflammer.at\/\" target=\"_blank\" rel=\"noreferrer noopener\">Weiterlesen<\/a><\/div>\n<\/div><\/div>\n<\/div>\n<\/div>\n<\/div><\/div>\n\n\n<div class=\"wp-block-image\">\n<figure class=\"aligncenter size-large\"><a href=\"https:\/\/htl.moedling.at\/home\/\" target=\"_blank\" rel=\"noreferrer noopener\"><img loading=\"lazy\" decoding=\"async\" width=\"1024\" height=\"856\" src=\"https:\/\/www.heinthaler.at\/wp-content\/uploads\/2020\/03\/HTL-MD-1024x856.png\" alt=\"\" class=\"wp-image-124\" srcset=\"https:\/\/www.heinthaler.at\/wp-content\/uploads\/2020\/03\/HTL-MD-1024x856.png 1024w, https:\/\/www.heinthaler.at\/wp-content\/uploads\/2020\/03\/HTL-MD-300x251.png 300w, https:\/\/www.heinthaler.at\/wp-content\/uploads\/2020\/03\/HTL-MD-768x642.png 768w, https:\/\/www.heinthaler.at\/wp-content\/uploads\/2020\/03\/HTL-MD.png 1074w\" sizes=\"auto, (max-width: 1024px) 100vw, 1024px\" \/><\/a><\/figure>\n<\/div>\n\n\n<div class=\"wp-block-group alignwide has-background\" style=\"background-color:#ffffff\"><div class=\"wp-block-group__inner-container is-layout-flow wp-block-group-is-layout-flow\">\n<div class=\"wp-block-group\"><div class=\"wp-block-group__inner-container is-layout-flow wp-block-group-is-layout-flow\">\n<h2 class=\"wp-block-heading has-text-align-center\"><a href=\"https:\/\/htl.moedling.at\/home\/\" target=\"_blank\" rel=\"noreferrer noopener\" aria-label=\" (\u00f6ffnet in neuem Tab)\">HTL M\u00f6dling<\/a><\/h2>\n\n\n\n<p class=\"has-text-align-center\">12 Abteilungen<\/p>\n\n\n\n<div class=\"wp-block-button aligncenter\"><a class=\"wp-block-button__link wp-element-button\" href=\"https:\/\/htl.moedling.at\/home\/\" target=\"_blank\" rel=\"noreferrer noopener\">HTL M\u00f6dling<\/a><\/div>\n<\/div><\/div>\n<\/div><\/div>\n\n\n\n<div style=\"height:116px\" aria-hidden=\"true\" class=\"wp-block-spacer\"><\/div>\n\n\n\n<div class=\"wp-block-group alignwide\"><div class=\"wp-block-group__inner-container is-layout-flow wp-block-group-is-layout-flow\">\n<div class=\"wp-block-columns is-layout-flex wp-container-core-columns-is-layout-28f84493 wp-block-columns-is-layout-flex\">\n<div class=\"wp-block-column is-layout-flow wp-block-column-is-layout-flow\"><div class=\"wp-block-image\">\n<figure class=\"aligncenter size-large\"><a href=\"https:\/\/htl.moedling.at\/mb\" target=\"_blank\" rel=\"noopener noreferrer\"><img loading=\"lazy\" decoding=\"async\" width=\"1024\" height=\"857\" src=\"https:\/\/www.heinthaler.at\/wp-content\/uploads\/2020\/05\/HTL-MB-1-1024x857.png\" alt=\"\" class=\"wp-image-161\" srcset=\"https:\/\/www.heinthaler.at\/wp-content\/uploads\/2020\/05\/HTL-MB-1-1024x857.png 1024w, https:\/\/www.heinthaler.at\/wp-content\/uploads\/2020\/05\/HTL-MB-1-300x251.png 300w, https:\/\/www.heinthaler.at\/wp-content\/uploads\/2020\/05\/HTL-MB-1-768x643.png 768w, https:\/\/www.heinthaler.at\/wp-content\/uploads\/2020\/05\/HTL-MB-1.png 1091w\" sizes=\"auto, (max-width: 1024px) 100vw, 1024px\" \/><\/a><figcaption class=\"wp-element-caption\"><a href=\"https:\/\/htl.moedling.at\/mb\" target=\"_blank\" rel=\"noreferrer noopener\">Maschinenbau<\/a><\/figcaption><\/figure>\n<\/div><\/div>\n\n\n\n<div class=\"wp-block-column is-layout-flow wp-block-column-is-layout-flow\"><div class=\"wp-block-image\">\n<figure class=\"aligncenter size-large\"><a href=\"https:\/\/htl.moedling.at\/absolventenverein\/\" target=\"_blank\" rel=\"noopener noreferrer\"><img loading=\"lazy\" decoding=\"async\" width=\"1024\" height=\"856\" src=\"https:\/\/www.heinthaler.at\/wp-content\/uploads\/2020\/03\/HTL-MD-1024x856.png\" alt=\"\" class=\"wp-image-124\" srcset=\"https:\/\/www.heinthaler.at\/wp-content\/uploads\/2020\/03\/HTL-MD-1024x856.png 1024w, https:\/\/www.heinthaler.at\/wp-content\/uploads\/2020\/03\/HTL-MD-300x251.png 300w, https:\/\/www.heinthaler.at\/wp-content\/uploads\/2020\/03\/HTL-MD-768x642.png 768w, https:\/\/www.heinthaler.at\/wp-content\/uploads\/2020\/03\/HTL-MD.png 1074w\" sizes=\"auto, (max-width: 1024px) 100vw, 1024px\" \/><\/a><figcaption class=\"wp-element-caption\"><a href=\"https:\/\/htl.moedling.at\/absolventenverein\/\" target=\"_blank\" rel=\"noreferrer noopener\">Absolventenverein<\/a><\/figcaption><\/figure>\n<\/div><\/div>\n\n\n\n<div class=\"wp-block-column is-layout-flow wp-block-column-is-layout-flow\">\n<figure class=\"wp-block-image size-large\"><a href=\"https:\/\/htl.moedling.at\/gt\" target=\"_blank\" rel=\"noopener noreferrer\"><img loading=\"lazy\" decoding=\"async\" width=\"1024\" height=\"850\" src=\"https:\/\/www.heinthaler.at\/wp-content\/uploads\/2020\/03\/HTL-GT-1024x850.png\" alt=\"\" class=\"wp-image-130\" srcset=\"https:\/\/www.heinthaler.at\/wp-content\/uploads\/2020\/03\/HTL-GT-1024x850.png 1024w, https:\/\/www.heinthaler.at\/wp-content\/uploads\/2020\/03\/HTL-GT-300x249.png 300w, https:\/\/www.heinthaler.at\/wp-content\/uploads\/2020\/03\/HTL-GT-768x638.png 768w, https:\/\/www.heinthaler.at\/wp-content\/uploads\/2020\/03\/HTL-GT.png 1107w\" sizes=\"auto, (max-width: 1024px) 100vw, 1024px\" \/><\/a><figcaption class=\"wp-element-caption\"><a href=\"https:\/\/htl.moedling.at\/gt\" target=\"_blank\" rel=\"noreferrer noopener\">Geb\u00e4udetechnik<\/a><\/figcaption><\/figure>\n<\/div>\n<\/div>\n<\/div><\/div>\n\n\n\n<div class=\"wp-block-group\"><div class=\"wp-block-group__inner-container is-layout-flow wp-block-group-is-layout-flow\"><\/div><\/div>\n","protected":false},"excerpt":{"rendered":"<p>Wintersportverein Bad V\u00f6slau Leider wurde der Verein aufgel\u00f6st. Die Website steht nicht mehr zur Verf\u00fcgung. Wir bitten um euer Verst\u00e4ndnis! Gemeindepolitik ohne Parteipolitik HTL M\u00f6dling 12 Abteilungen<\/p>\n","protected":false},"author":1,"featured_media":0,"parent":0,"menu_order":0,"comment_status":"closed","ping_status":"closed","template":"","meta":{"footnotes":""},"class_list":["post-23","page","type-page","status-publish","hentry"],"_links":{"self":[{"href":"https:\/\/www.heinthaler.at\/index.php?rest_route=\/wp\/v2\/pages\/23","targetHints":{"allow":["GET"]}}],"collection":[{"href":"https:\/\/www.heinthaler.at\/index.php?rest_route=\/wp\/v2\/pages"}],"about":[{"href":"https:\/\/www.heinthaler.at\/index.php?rest_route=\/wp\/v2\/types\/page"}],"author":[{"embeddable":true,"href":"https:\/\/www.heinthaler.at\/index.php?rest_route=\/wp\/v2\/users\/1"}],"replies":[{"embeddable":true,"href":"https:\/\/www.heinthaler.at\/index.php?rest_route=%2Fwp%2Fv2%2Fcomments&post=23"}],"version-history":[{"count":43,"href":"https:\/\/www.heinthaler.at\/index.php?rest_route=\/wp\/v2\/pages\/23\/revisions"}],"predecessor-version":[{"id":177,"href":"https:\/\/www.heinthaler.at\/index.php?rest_route=\/wp\/v2\/pages\/23\/revisions\/177"}],"wp:attachment":[{"href":"https:\/\/www.heinthaler.at\/index.php?rest_route=%2Fwp%2Fv2%2Fmedia&parent=23"}],"curies":[{"name":"wp","href":"https:\/\/api.w.org\/{rel}","templated":true}]}}