{"id":24,"date":"2020-03-22T16:55:41","date_gmt":"2020-03-22T15:55:41","guid":{"rendered":"https:\/\/www.heinthaler.at\/?page_id=24"},"modified":"2020-04-05T18:42:38","modified_gmt":"2020-04-05T16:42:38","slug":"ueber-uns","status":"publish","type":"page","link":"https:\/\/www.heinthaler.at\/?page_id=24","title":{"rendered":"\u00dcber mich"},"content":{"rendered":"\n<figure class=\"wp-block-image size-large is-resized\"><img loading=\"lazy\" decoding=\"async\" src=\"https:\/\/www.heinthaler.at\/wp-content\/uploads\/2020\/03\/019973100030_Portrait-2-715x1024.jpg\" alt=\"\" class=\"wp-image-58\" width=\"155\" height=\"221\" srcset=\"https:\/\/www.heinthaler.at\/wp-content\/uploads\/2020\/03\/019973100030_Portrait-2-715x1024.jpg 715w, https:\/\/www.heinthaler.at\/wp-content\/uploads\/2020\/03\/019973100030_Portrait-2-210x300.jpg 210w, https:\/\/www.heinthaler.at\/wp-content\/uploads\/2020\/03\/019973100030_Portrait-2-768x1099.jpg 768w, https:\/\/www.heinthaler.at\/wp-content\/uploads\/2020\/03\/019973100030_Portrait-2-1073x1536.jpg 1073w, https:\/\/www.heinthaler.at\/wp-content\/uploads\/2020\/03\/019973100030_Portrait-2-1431x2048.jpg 1431w, https:\/\/www.heinthaler.at\/wp-content\/uploads\/2020\/03\/019973100030_Portrait-2-scaled.jpg 1789w\" sizes=\"auto, (max-width: 155px) 100vw, 155px\" \/><\/figure>\n\n\n\n<figure class=\"wp-block-table\"><table><tbody><tr><td>Mein Name ist Paul Heinthaler, ich bin&nbsp; Werkst\u00e4ttenlehrer der Abteilung Maschinenbau in der HTL M\u00f6dling.<br><br>Au\u00dferdem Webmaster der Abteilungen <a href=\"https:\/\/htl.moedling.at\/index.php?id=7171\" target=\"_blank\" rel=\"noreferrer noopener\" aria-label=\" (\u00f6ffnet in neuem Tab)\">Maschinenbau-Anlagentechnik<\/a>, <a href=\"https:\/\/htl.moedling.at\/index.php?id=7220\" target=\"_blank\" rel=\"noreferrer noopener\" aria-label=\" (\u00f6ffnet in neuem Tab)\">Maschinenbau-Geb\u00e4udetechnik<\/a> und des <a href=\"https:\/\/htl.moedling.at\/index.php?id=6966\" target=\"_blank\" rel=\"noreferrer noopener\" aria-label=\" (\u00f6ffnet in neuem Tab)\">Absolventenvereins<\/a>  und dessen <a href=\"https:\/\/htl.moedling.at\/7005\/\" target=\"_blank\" rel=\"noreferrer noopener\" aria-label=\"Jobb\u00f6rse (\u00f6ffnet in neuem Tab)\">Jobb\u00f6rse<\/a>                                                                                                 <a rel=\"noreferrer noopener\" href=\"https:\/\/www.world4you.at\/de\/index.html\" target=\"_blank\"><\/a>                                                                                                                                                                                                                                                                                                &nbsp;                                                                                                                                                                                                                                  <br>           <br>                                                       &nbsp;                                                                                                                                          <\/td><\/tr><\/tbody><\/table><\/figure>\n\n\n\n<p><\/p>\n","protected":false},"excerpt":{"rendered":"<p>Mein Name ist Paul Heinthaler, ich bin&nbsp; Werkst\u00e4ttenlehrer der Abteilung Maschinenbau in der HTL M\u00f6dling. Au\u00dferdem Webmaster der Abteilungen Maschinenbau-Anlagentechnik, Maschinenbau-Geb\u00e4udetechnik und des Absolventenvereins und dessen Jobb\u00f6rse &nbsp; &nbsp;<\/p>\n","protected":false},"author":1,"featured_media":0,"parent":0,"menu_order":0,"comment_status":"closed","ping_status":"closed","template":"","meta":{"footnotes":""},"class_list":["post-24","page","type-page","status-publish","hentry"],"_links":{"self":[{"href":"https:\/\/www.heinthaler.at\/index.php?rest_route=\/wp\/v2\/pages\/24","targetHints":{"allow":["GET"]}}],"collection":[{"href":"https:\/\/www.heinthaler.at\/index.php?rest_route=\/wp\/v2\/pages"}],"about":[{"href":"https:\/\/www.heinthaler.at\/index.php?rest_route=\/wp\/v2\/types\/page"}],"author":[{"embeddable":true,"href":"https:\/\/www.heinthaler.at\/index.php?rest_route=\/wp\/v2\/users\/1"}],"replies":[{"embeddable":true,"href":"https:\/\/www.heinthaler.at\/index.php?rest_route=%2Fwp%2Fv2%2Fcomments&post=24"}],"version-history":[{"count":5,"href":"https:\/\/www.heinthaler.at\/index.php?rest_route=\/wp\/v2\/pages\/24\/revisions"}],"predecessor-version":[{"id":136,"href":"https:\/\/www.heinthaler.at\/index.php?rest_route=\/wp\/v2\/pages\/24\/revisions\/136"}],"wp:attachment":[{"href":"https:\/\/www.heinthaler.at\/index.php?rest_route=%2Fwp%2Fv2%2Fmedia&parent=24"}],"curies":[{"name":"wp","href":"https:\/\/api.w.org\/{rel}","templated":true}]}}